{"id":16,"date":"2022-01-13T12:41:53","date_gmt":"2022-01-13T15:41:53","guid":{"rendered":"http:\/\/heyumami.royalpixel.com.br\/?page_id=16"},"modified":"2022-07-22T13:04:02","modified_gmt":"2022-07-22T16:04:02","slug":"16-2","status":"publish","type":"page","link":"https:\/\/heyumami.com.br\/","title":{"rendered":"Home"},"content":{"rendered":"\t\t<div data-elementor-type=\"wp-page\" data-elementor-id=\"16\" class=\"elementor elementor-16\">\n\t\t\t\t\t\t\t\t\t<section class=\"elementor-section elementor-top-section elementor-element elementor-element-b526d45 elementor-section-boxed elementor-section-height-default elementor-section-height-default qodef-elementor-content-no\" data-id=\"b526d45\" data-element_type=\"section\">\n\t\t\t\t\t\t<div class=\"elementor-container elementor-column-gap-default\">\n\t\t\t\t\t<div class=\"elementor-column elementor-col-100 elementor-top-column elementor-element elementor-element-79c3591\" data-id=\"79c3591\" data-element_type=\"column\">\n\t\t\t<div class=\"elementor-widget-wrap elementor-element-populated\">\n\t\t\t\t\t\t\t\t<div class=\"elementor-element elementor-element-03bccb1 elementor-widget elementor-widget-lekker_core_section_title\" data-id=\"03bccb1\" data-element_type=\"widget\" data-widget_type=\"lekker_core_section_title.default\">\n\t\t\t\t<div class=\"elementor-widget-container\">\n\t\t\t<div class=\"qodef-shortcode qodef-m  qodef-section-title qodef-alignment--left qodef-title-break--disabled qodef-section-title--animated\">\n\t\t<h1 class=\"qodef-m-title\" style=\"color: #152840\">\n\t\t\t\t\tSomos o Hey Umami\t\t\t<\/h1>\n\t<\/div>\t\t<\/div>\n\t\t\t\t<\/div>\n\t\t\t\t<div class=\"elementor-element elementor-element-f40db7f animated-slow elementor-invisible elementor-widget elementor-widget-qi_addons_for_elementor_typeout_text\" data-id=\"f40db7f\" data-element_type=\"widget\" data-settings=\"{&quot;_animation&quot;:&quot;fadeIn&quot;}\" data-widget_type=\"qi_addons_for_elementor_typeout_text.default\">\n\t\t\t\t<div class=\"elementor-widget-container\">\n\t\t\t<div class=\"qodef-shortcode qodef-m  qodef-qi-typeout-text\" data-strings=\"[&quot;informa&quot;,&quot;inspira&quot;,&quot;transforma&quot;]\" data-cursor=\"|\">\n\t<h4 class=\"qodef-m-text\">\n\t\t\t\t\tProduzimos conte\u00fado que\t\t\t\t<span class=\"qodef-typeout-holder\">\n\t\t\t<span class=\"qodef-typeout\"><\/span>\n\t\t<\/span>\n\t<\/h4>\n<\/div>\n\t\t<\/div>\n\t\t\t\t<\/div>\n\t\t\t\t<div class=\"elementor-element elementor-element-524bbb2 elementor-widget elementor-widget-lekker_core_dropcaps\" data-id=\"524bbb2\" data-element_type=\"widget\" data-widget_type=\"lekker_core_dropcaps.default\">\n\t\t\t\t<div class=\"elementor-widget-container\">\n\t\t\t<div class=\"qodef-shortcode qodef-m  qodef-dropcaps qodef-type--simple\">\n\t<span class=\"qodef-m-letter\" ><\/span>\n\t<\/div>\t\t<\/div>\n\t\t\t\t<\/div>\n\t\t\t\t<div class=\"elementor-element elementor-element-137d2f1 elementor-widget elementor-widget-text-editor\" data-id=\"137d2f1\" data-element_type=\"widget\" data-widget_type=\"text-editor.default\">\n\t\t\t\t<div class=\"elementor-widget-container\">\n\t\t\t<style>\/*! elementor - v3.6.4 - 13-04-2022 *\/\n.elementor-widget-text-editor.elementor-drop-cap-view-stacked .elementor-drop-cap{background-color:#818a91;color:#fff}.elementor-widget-text-editor.elementor-drop-cap-view-framed .elementor-drop-cap{color:#818a91;border:3px solid;background-color:transparent}.elementor-widget-text-editor:not(.elementor-drop-cap-view-default) .elementor-drop-cap{margin-top:8px}.elementor-widget-text-editor:not(.elementor-drop-cap-view-default) .elementor-drop-cap-letter{width:1em;height:1em}.elementor-widget-text-editor .elementor-drop-cap{float:left;text-align:center;line-height:1;font-size:50px}.elementor-widget-text-editor .elementor-drop-cap-letter{display:inline-block}<\/style>\t\t\t\t\t\t\t\t\t\t<\/div>\n\t\t\t\t<\/div>\n\t\t\t\t\t<\/div>\n\t\t<\/div>\n\t\t\t\t\t\t\t<\/div>\n\t\t<\/section>\n\t\t\t\t<section class=\"elementor-section elementor-top-section elementor-element elementor-element-4bce53c elementor-section-boxed elementor-section-height-default elementor-section-height-default qodef-elementor-content-no\" data-id=\"4bce53c\" data-element_type=\"section\">\n\t\t\t\t\t\t<div class=\"elementor-container elementor-column-gap-default\">\n\t\t\t\t\t<div class=\"elementor-column elementor-col-100 elementor-top-column elementor-element elementor-element-302aa80 animated-fast\" data-id=\"302aa80\" data-element_type=\"column\" data-settings=\"{&quot;animation&quot;:&quot;none&quot;,&quot;animation_delay&quot;:0}\">\n\t\t\t<div class=\"elementor-widget-wrap elementor-element-populated\">\n\t\t\t\t\t\t\t\t<div class=\"elementor-element elementor-element-bddfb0e elementor-widget__width-inherit elementor-widget elementor-widget-lekker_core_portfolio_list\" data-id=\"bddfb0e\" data-element_type=\"widget\" data-settings=\"{&quot;_animation&quot;:&quot;none&quot;,&quot;_animation_delay&quot;:0}\" data-widget_type=\"lekker_core_portfolio_list.default\">\n\t\t\t\t<div class=\"elementor-widget-container\">\n\t\t\t<div class=\"qodef-shortcode qodef-m  qodef-portfolio-list qodef-item-layout--info-on-side  qodef-predefined-filter--no qodef-grid qodef-layout--masonry  qodef-gutter--normal qodef-col-num--2   qodef-item-layout--info-on-side qodef--no-bottom-space qodef-pagination--off qodef-responsive--predefined\" data-options=\"{&quot;plugin&quot;:&quot;lekker_core&quot;,&quot;module&quot;:&quot;post-types\\\/portfolio\\\/shortcodes&quot;,&quot;shortcode&quot;:&quot;portfolio-list&quot;,&quot;post_type&quot;:&quot;portfolio-item&quot;,&quot;next_page&quot;:&quot;2&quot;,&quot;predefined_filter&quot;:&quot;no&quot;,&quot;behavior&quot;:&quot;masonry&quot;,&quot;columns&quot;:&quot;2&quot;,&quot;columns_responsive&quot;:&quot;predefined&quot;,&quot;space&quot;:&quot;normal&quot;,&quot;orderby&quot;:&quot;date&quot;,&quot;order&quot;:&quot;DESC&quot;,&quot;layout&quot;:&quot;info-on-side&quot;,&quot;hover_animation_info-follow&quot;:&quot;follow&quot;,&quot;title_tag&quot;:&quot;h4&quot;,&quot;enable_filter&quot;:&quot;no&quot;,&quot;pagination_type&quot;:&quot;no-pagination&quot;,&quot;object_class_name&quot;:&quot;LekkerCorePortfolioListShortcode&quot;,&quot;taxonomy_filter&quot;:&quot;portfolio-category&quot;,&quot;space_value&quot;:15}\">\n\t\t<div class=\"qodef-grid-inner clear\">\n\t\t\t<div class=\"qodef-grid-masonry-sizer\"><\/div>\n\t<div class=\"qodef-grid-masonry-gutter\"><\/div>\n<article class=\"qodef-e qodef-grid-item  post-493 portfolio-item type-portfolio-item status-publish has-post-thumbnail hentry\">\n\t<div class=\"qodef-e-inner\" >\n\t\t<div class=\"qodef-e-image\">\n\t\t\t\t<div class=\"qodef-e-media-image\">\n\t\t<a itemprop=\"url\" href=\"https:\/\/heyumami.com.br\/?portfolio-item=493\">\n\t\t\t<img loading=\"lazy\" decoding=\"async\" width=\"1909\" height=\"1072\" src=\"https:\/\/heyumami.com.br\/wp-content\/uploads\/2023\/01\/japan.png\" class=\"attachment-full size-full wp-post-image\" alt=\"\" \/>\t\t\t\n\t\t\t\t\t<\/a>\n\t<\/div>\n\t\t<\/div>\n\t\t<div class=\"qodef-e-content\">\n\t\t\t<div class=\"qodef-e-content-inner\">\n\t\t\t\t<h4 itemprop=\"name\" class=\"qodef-e-title entry-title\" >\n<a itemprop=\"url\" class=\"qodef-e-title-link\" href=\"https:\/\/heyumami.com.br\/?portfolio-item=493\">\n\tReel Motion<\/a>\n<\/h4>\t\t\t\t\t\t\t<\/div>\n\t\t<\/div>\n\t<\/div>\n<\/article><article class=\"qodef-e qodef-grid-item  post-15 portfolio-item type-portfolio-item status-publish has-post-thumbnail hentry portfolio-category-geral\">\n\t<div class=\"qodef-e-inner\" >\n\t\t<div class=\"qodef-e-image\">\n\t\t\t\t<div class=\"qodef-e-media-image\">\n\t\t<a itemprop=\"url\" href=\"https:\/\/heyumami.com.br\/?portfolio-item=teste\">\n\t\t\t<img loading=\"lazy\" decoding=\"async\" width=\"3832\" height=\"2146\" src=\"https:\/\/heyumami.com.br\/wp-content\/uploads\/2022\/02\/REEL_THUMB.jpg\" class=\"attachment-full size-full wp-post-image\" alt=\"\" \/>\t\t\t\n\t\t\t\t\t<\/a>\n\t<\/div>\n\t\t<\/div>\n\t\t<div class=\"qodef-e-content\">\n\t\t\t<div class=\"qodef-e-content-inner\">\n\t\t\t\t<h4 itemprop=\"name\" class=\"qodef-e-title entry-title\" >\n<a itemprop=\"url\" class=\"qodef-e-title-link\" href=\"https:\/\/heyumami.com.br\/?portfolio-item=teste\">\n\tReel<\/a>\n<\/h4>\t\t\t\t\t<div class=\"qodef-e-info-category\">\n\t\t\t\t\t<a itemprop=\"url\" class=\"qodef-e-category\" href=\"https:\/\/heyumami.com.br\/?portfolio-category=geral\">\n\t\t\t\tGeral\t\t\t<\/a>\n\t\t\t<\/div>\n\t\t\t<\/div>\n\t\t<\/div>\n\t<\/div>\n<\/article><article class=\"qodef-e qodef-grid-item  post-307 portfolio-item type-portfolio-item status-publish has-post-thumbnail hentry portfolio-category-geral\">\n\t<div class=\"qodef-e-inner\" >\n\t\t<div class=\"qodef-e-image\">\n\t\t\t\t<div class=\"qodef-e-media-image\">\n\t\t<a itemprop=\"url\" href=\"https:\/\/heyumami.com.br\/?portfolio-item=307\">\n\t\t\t<img loading=\"lazy\" decoding=\"async\" width=\"3812\" height=\"2142\" src=\"https:\/\/heyumami.com.br\/wp-content\/uploads\/2022\/02\/siemens.jpg\" class=\"attachment-full size-full wp-post-image\" alt=\"\" \/>\t\t\t\n\t\t\t\t\t<\/a>\n\t<\/div>\n\t\t<\/div>\n\t\t<div class=\"qodef-e-content\">\n\t\t\t<div class=\"qodef-e-content-inner\">\n\t\t\t\t<h4 itemprop=\"name\" class=\"qodef-e-title entry-title\" >\n<a itemprop=\"url\" class=\"qodef-e-title-link\" href=\"https:\/\/heyumami.com.br\/?portfolio-item=307\">\n\tNa Ponta da L\u00edngua<\/a>\n<\/h4>\t\t\t\t\t<div class=\"qodef-e-info-category\">\n\t\t\t\t\t<a itemprop=\"url\" class=\"qodef-e-category\" href=\"https:\/\/heyumami.com.br\/?portfolio-category=geral\">\n\t\t\t\tGeral\t\t\t<\/a>\n\t\t\t<\/div>\n\t\t\t<\/div>\n\t\t<\/div>\n\t<\/div>\n<\/article><article class=\"qodef-e qodef-grid-item  post-74 portfolio-item type-portfolio-item status-publish has-post-thumbnail hentry portfolio-category-geral\">\n\t<div class=\"qodef-e-inner\" >\n\t\t<div class=\"qodef-e-image\">\n\t\t\t\t<div class=\"qodef-e-media-image\">\n\t\t<a itemprop=\"url\" href=\"https:\/\/heyumami.com.br\/?portfolio-item=loren-v4\">\n\t\t\t<img loading=\"lazy\" decoding=\"async\" width=\"3226\" height=\"1804\" src=\"https:\/\/heyumami.com.br\/wp-content\/uploads\/2022\/02\/discovery_sbp.jpg\" class=\"attachment-full size-full wp-post-image\" alt=\"\" \/>\t\t\t\n\t\t\t\t\t<\/a>\n\t<\/div>\n\t\t<\/div>\n\t\t<div class=\"qodef-e-content\">\n\t\t\t<div class=\"qodef-e-content-inner\">\n\t\t\t\t<h4 itemprop=\"name\" class=\"qodef-e-title entry-title\" >\n<a itemprop=\"url\" class=\"qodef-e-title-link\" href=\"https:\/\/heyumami.com.br\/?portfolio-item=loren-v4\">\n\tSBP + Discovery<\/a>\n<\/h4>\t\t\t\t\t<div class=\"qodef-e-info-category\">\n\t\t\t\t\t<a itemprop=\"url\" class=\"qodef-e-category\" href=\"https:\/\/heyumami.com.br\/?portfolio-category=geral\">\n\t\t\t\tGeral\t\t\t<\/a>\n\t\t\t<\/div>\n\t\t\t<\/div>\n\t\t<\/div>\n\t<\/div>\n<\/article><article class=\"qodef-e qodef-grid-item  post-81 portfolio-item type-portfolio-item status-publish has-post-thumbnail hentry portfolio-category-geral\">\n\t<div class=\"qodef-e-inner\" >\n\t\t<div class=\"qodef-e-image\">\n\t\t\t\t<div class=\"qodef-e-media-image\">\n\t\t<a itemprop=\"url\" href=\"https:\/\/heyumami.com.br\/?portfolio-item=loren-v10\">\n\t\t\t<img loading=\"lazy\" decoding=\"async\" width=\"1600\" height=\"900\" src=\"https:\/\/heyumami.com.br\/wp-content\/uploads\/2022\/02\/9.jpg\" class=\"attachment-full size-full wp-post-image\" alt=\"\" \/>\t\t\t\n\t\t\t\t\t<\/a>\n\t<\/div>\n\t\t<\/div>\n\t\t<div class=\"qodef-e-content\">\n\t\t\t<div class=\"qodef-e-content-inner\">\n\t\t\t\t<h4 itemprop=\"name\" class=\"qodef-e-title entry-title\" >\n<a itemprop=\"url\" class=\"qodef-e-title-link\" href=\"https:\/\/heyumami.com.br\/?portfolio-item=loren-v10\">\n\tGE: Ind\u00fastria 4.0<\/a>\n<\/h4>\t\t\t\t\t<div class=\"qodef-e-info-category\">\n\t\t\t\t\t<a itemprop=\"url\" class=\"qodef-e-category\" href=\"https:\/\/heyumami.com.br\/?portfolio-category=geral\">\n\t\t\t\tGeral\t\t\t<\/a>\n\t\t\t<\/div>\n\t\t\t<\/div>\n\t\t<\/div>\n\t<\/div>\n<\/article><article class=\"qodef-e qodef-grid-item  post-80 portfolio-item type-portfolio-item status-publish has-post-thumbnail hentry portfolio-category-geral\">\n\t<div class=\"qodef-e-inner\" >\n\t\t<div class=\"qodef-e-image\">\n\t\t\t\t<div class=\"qodef-e-media-image\">\n\t\t<a itemprop=\"url\" href=\"https:\/\/heyumami.com.br\/?portfolio-item=loren-v9\">\n\t\t\t<img loading=\"lazy\" decoding=\"async\" width=\"2484\" height=\"1530\" src=\"https:\/\/heyumami.com.br\/wp-content\/uploads\/2022\/02\/mescla_t.jpg\" class=\"attachment-full size-full wp-post-image\" alt=\"\" \/>\t\t\t\n\t\t\t\t\t<\/a>\n\t<\/div>\n\t\t<\/div>\n\t\t<div class=\"qodef-e-content\">\n\t\t\t<div class=\"qodef-e-content-inner\">\n\t\t\t\t<h4 itemprop=\"name\" class=\"qodef-e-title entry-title\" >\n<a itemprop=\"url\" class=\"qodef-e-title-link\" href=\"https:\/\/heyumami.com.br\/?portfolio-item=loren-v9\">\n\tCanal Mescla<\/a>\n<\/h4>\t\t\t\t\t<div class=\"qodef-e-info-category\">\n\t\t\t\t\t<a itemprop=\"url\" class=\"qodef-e-category\" href=\"https:\/\/heyumami.com.br\/?portfolio-category=geral\">\n\t\t\t\tGeral\t\t\t<\/a>\n\t\t\t<\/div>\n\t\t\t<\/div>\n\t\t<\/div>\n\t<\/div>\n<\/article><article class=\"qodef-e qodef-grid-item  post-75 portfolio-item type-portfolio-item status-publish has-post-thumbnail hentry portfolio-category-geral\">\n\t<div class=\"qodef-e-inner\" >\n\t\t<div class=\"qodef-e-image\">\n\t\t\t\t<div class=\"qodef-e-media-image\">\n\t\t<a itemprop=\"url\" href=\"https:\/\/heyumami.com.br\/?portfolio-item=loren-v8\">\n\t\t\t<img loading=\"lazy\" decoding=\"async\" width=\"3271\" height=\"1830\" src=\"https:\/\/heyumami.com.br\/wp-content\/uploads\/2022\/02\/makers_thumb.jpg\" class=\"attachment-full size-full wp-post-image\" alt=\"\" \/>\t\t\t\n\t\t\t\t\t<\/a>\n\t<\/div>\n\t\t<\/div>\n\t\t<div class=\"qodef-e-content\">\n\t\t\t<div class=\"qodef-e-content-inner\">\n\t\t\t\t<h4 itemprop=\"name\" class=\"qodef-e-title entry-title\" >\n<a itemprop=\"url\" class=\"qodef-e-title-link\" href=\"https:\/\/heyumami.com.br\/?portfolio-item=loren-v8\">\n\tDiscovery Makers<\/a>\n<\/h4>\t\t\t\t\t<div class=\"qodef-e-info-category\">\n\t\t\t\t\t<a itemprop=\"url\" class=\"qodef-e-category\" href=\"https:\/\/heyumami.com.br\/?portfolio-category=geral\">\n\t\t\t\tGeral\t\t\t<\/a>\n\t\t\t<\/div>\n\t\t\t<\/div>\n\t\t<\/div>\n\t<\/div>\n<\/article><article class=\"qodef-e qodef-grid-item  post-69 portfolio-item type-portfolio-item status-publish has-post-thumbnail hentry portfolio-category-geral\">\n\t<div class=\"qodef-e-inner\" >\n\t\t<div class=\"qodef-e-image\">\n\t\t\t\t<div class=\"qodef-e-media-image\">\n\t\t<a itemprop=\"url\" href=\"https:\/\/heyumami.com.br\/?portfolio-item=loren-v2\">\n\t\t\t<img loading=\"lazy\" decoding=\"async\" width=\"3314\" height=\"1864\" src=\"https:\/\/heyumami.com.br\/wp-content\/uploads\/2022\/02\/jornada_thumb.jpg\" class=\"attachment-full size-full wp-post-image\" alt=\"\" \/>\t\t\t\n\t\t\t\t\t<\/a>\n\t<\/div>\n\t\t<\/div>\n\t\t<div class=\"qodef-e-content\">\n\t\t\t<div class=\"qodef-e-content-inner\">\n\t\t\t\t<h4 itemprop=\"name\" class=\"qodef-e-title entry-title\" >\n<a itemprop=\"url\" class=\"qodef-e-title-link\" href=\"https:\/\/heyumami.com.br\/?portfolio-item=loren-v2\">\n\tMini Doc: L\u00e1men<\/a>\n<\/h4>\t\t\t\t\t<div class=\"qodef-e-info-category\">\n\t\t\t\t\t<a itemprop=\"url\" class=\"qodef-e-category\" href=\"https:\/\/heyumami.com.br\/?portfolio-category=geral\">\n\t\t\t\tGeral\t\t\t<\/a>\n\t\t\t<\/div>\n\t\t\t<\/div>\n\t\t<\/div>\n\t<\/div>\n<\/article><article class=\"qodef-e qodef-grid-item  post-73 portfolio-item type-portfolio-item status-publish has-post-thumbnail hentry portfolio-category-geral\">\n\t<div class=\"qodef-e-inner\" >\n\t\t<div class=\"qodef-e-image\">\n\t\t\t\t<div class=\"qodef-e-media-image\">\n\t\t<a itemprop=\"url\" href=\"https:\/\/heyumami.com.br\/?portfolio-item=loren-v3\">\n\t\t\t<img loading=\"lazy\" decoding=\"async\" width=\"5120\" height=\"2880\" src=\"https:\/\/heyumami.com.br\/wp-content\/uploads\/2022\/02\/rebee.jpg\" class=\"attachment-full size-full wp-post-image\" alt=\"\" \/>\t\t\t\n\t\t\t\t\t<\/a>\n\t<\/div>\n\t\t<\/div>\n\t\t<div class=\"qodef-e-content\">\n\t\t\t<div class=\"qodef-e-content-inner\">\n\t\t\t\t<h4 itemprop=\"name\" class=\"qodef-e-title entry-title\" >\n<a itemprop=\"url\" class=\"qodef-e-title-link\" href=\"https:\/\/heyumami.com.br\/?portfolio-item=loren-v3\">\n\tMini Doc: Red Bees<\/a>\n<\/h4>\t\t\t\t\t<div class=\"qodef-e-info-category\">\n\t\t\t\t\t<a itemprop=\"url\" class=\"qodef-e-category\" href=\"https:\/\/heyumami.com.br\/?portfolio-category=geral\">\n\t\t\t\tGeral\t\t\t<\/a>\n\t\t\t<\/div>\n\t\t\t<\/div>\n\t\t<\/div>\n\t<\/div>\n<\/article><article class=\"qodef-e qodef-grid-item  post-300 portfolio-item type-portfolio-item status-publish has-post-thumbnail hentry portfolio-category-geral\">\n\t<div class=\"qodef-e-inner\" >\n\t\t<div class=\"qodef-e-image\">\n\t\t\t\t<div class=\"qodef-e-media-image\">\n\t\t<a itemprop=\"url\" href=\"https:\/\/heyumami.com.br\/?portfolio-item=mini-doc-bisi-alimi\">\n\t\t\t<img loading=\"lazy\" decoding=\"async\" width=\"1600\" height=\"900\" src=\"https:\/\/heyumami.com.br\/wp-content\/uploads\/2022\/02\/chamda_bisi.jpg\" class=\"attachment-full size-full wp-post-image\" alt=\"\" \/>\t\t\t\n\t\t\t\t\t<\/a>\n\t<\/div>\n\t\t<\/div>\n\t\t<div class=\"qodef-e-content\">\n\t\t\t<div class=\"qodef-e-content-inner\">\n\t\t\t\t<h4 itemprop=\"name\" class=\"qodef-e-title entry-title\" >\n<a itemprop=\"url\" class=\"qodef-e-title-link\" href=\"https:\/\/heyumami.com.br\/?portfolio-item=mini-doc-bisi-alimi\">\n\tMini Doc: Bisi Alimi<\/a>\n<\/h4>\t\t\t\t\t<div class=\"qodef-e-info-category\">\n\t\t\t\t\t<a itemprop=\"url\" class=\"qodef-e-category\" href=\"https:\/\/heyumami.com.br\/?portfolio-category=geral\">\n\t\t\t\tGeral\t\t\t<\/a>\n\t\t\t<\/div>\n\t\t\t<\/div>\n\t\t<\/div>\n\t<\/div>\n<\/article><article class=\"qodef-e qodef-grid-item  post-342 portfolio-item type-portfolio-item status-publish has-post-thumbnail hentry portfolio-category-geral\">\n\t<div class=\"qodef-e-inner\" >\n\t\t<div class=\"qodef-e-image\">\n\t\t\t\t<div class=\"qodef-e-media-image\">\n\t\t<a itemprop=\"url\" href=\"https:\/\/heyumami.com.br\/?portfolio-item=infograficos\">\n\t\t\t<img loading=\"lazy\" decoding=\"async\" width=\"1911\" height=\"1073\" src=\"https:\/\/heyumami.com.br\/wp-content\/uploads\/2022\/02\/vacina.jpg\" class=\"attachment-full size-full wp-post-image\" alt=\"\" \/>\t\t\t\n\t\t\t\t\t<\/a>\n\t<\/div>\n\t\t<\/div>\n\t\t<div class=\"qodef-e-content\">\n\t\t\t<div class=\"qodef-e-content-inner\">\n\t\t\t\t<h4 itemprop=\"name\" class=\"qodef-e-title entry-title\" >\n<a itemprop=\"url\" class=\"qodef-e-title-link\" href=\"https:\/\/heyumami.com.br\/?portfolio-item=infograficos\">\n\tVacina\u00e7\u00e3o<\/a>\n<\/h4>\t\t\t\t\t<div class=\"qodef-e-info-category\">\n\t\t\t\t\t<a itemprop=\"url\" class=\"qodef-e-category\" href=\"https:\/\/heyumami.com.br\/?portfolio-category=geral\">\n\t\t\t\tGeral\t\t\t<\/a>\n\t\t\t<\/div>\n\t\t\t<\/div>\n\t\t<\/div>\n\t<\/div>\n<\/article>\t<\/div>\n\t<\/div>\t\t<\/div>\n\t\t\t\t<\/div>\n\t\t\t\t\t<\/div>\n\t\t<\/div>\n\t\t\t\t\t\t\t<\/div>\n\t\t<\/section>\n\t\t\t\t<section class=\"elementor-section elementor-top-section elementor-element elementor-element-778b352 elementor-section-boxed elementor-section-height-default elementor-section-height-default qodef-elementor-content-no\" data-id=\"778b352\" data-element_type=\"section\">\n\t\t\t\t\t\t<div class=\"elementor-container elementor-column-gap-wider\">\n\t\t\t\t\t<div class=\"elementor-column elementor-col-50 elementor-top-column elementor-element elementor-element-8d10c29\" data-id=\"8d10c29\" data-element_type=\"column\">\n\t\t\t<div class=\"elementor-widget-wrap elementor-element-populated\">\n\t\t\t\t\t\t\t\t<div class=\"elementor-element elementor-element-352b001 elementor-widget elementor-widget-qi_addons_for_elementor_section_title\" data-id=\"352b001\" data-element_type=\"widget\" data-widget_type=\"qi_addons_for_elementor_section_title.default\">\n\t\t\t\t<div class=\"elementor-widget-container\">\n\t\t\t<div class=\"qodef-shortcode qodef-m  qodef-qi-section-title  qodef-decoration--italic  qodef-link--underline-draw qodef-subtitle-icon--left\">\n\t\t\t\t<h5 class=\"qodef-m-subtitle\">\n\t\tO que fazemos\t\t\t<\/h5>\n\t\t\t<h2 class=\"qodef-m-title\">\n\t\tBranded Content\t<\/h2>\n\t\t\t<div class=\"qodef-m-text\">Dividimos nosso tempo entre projetos comerciais e projetos de conte\u00fado original, como o <strong><a href=\"http:\/\/youtube.com\/mescla\">Canal Mescla<\/a>. <\/strong>Somos apaixonados por conte\u00fado factual: Explicamos tecnologias e informa\u00e7\u00f5es complexas de um jeito direto e interessante e contamos hist\u00f3rias de pessoas reais. <br> <br>Adoramos produzir mini-docs, como o do chef que largou seu restaurante rec\u00e9m aberto para ir at\u00e9 o Jap\u00e3o virar estagi\u00e1rio de um mestre do l\u00e1men, ou a nossa premiada anima\u00e7\u00e3o que conta a hist\u00f3ria do primeiro nigeriano a assumir publicamente que era Gay.<\/div>\n\t<\/div>\n\t\t<\/div>\n\t\t\t\t<\/div>\n\t\t\t\t\t<\/div>\n\t\t<\/div>\n\t\t\t\t<div class=\"elementor-column elementor-col-50 elementor-top-column elementor-element elementor-element-0c5e932\" data-id=\"0c5e932\" data-element_type=\"column\">\n\t\t\t<div class=\"elementor-widget-wrap elementor-element-populated\">\n\t\t\t\t\t\t\t\t<div class=\"elementor-element elementor-element-a8090c5 elementor-widget elementor-widget-lekker_core_accordion\" data-id=\"a8090c5\" data-element_type=\"widget\" data-settings=\"{&quot;_animation&quot;:&quot;none&quot;}\" data-widget_type=\"lekker_core_accordion.default\">\n\t\t\t\t<div class=\"elementor-widget-container\">\n\t\t\t<div class=\"qodef-shortcode qodef-m  qodef-accordion clear qodef-behavior--toggle qodef-layout--simple\">\n\t<h4 class=\"qodef-accordion-title\">\n\t<span class=\"qodef-tab-title\">\n\t\tV\u00eddeo\t<\/span>\n\t<span class=\"qodef-accordion-mark\">\n\t\t<span class=\"qodef-icon--plus\">+<\/span>\n\t\t<span class=\"qodef-icon--minus\">-<\/span>\n\t<\/span>\n<\/h4>\n<div class=\"qodef-accordion-content\">\n\t<div class=\"qodef-accordion-content-inner\">\n\t\t<p>Pr\u00e9-Produ\u00e7\u00e3o<br \/>Produ\u00e7\u00e3o<br \/>Edi\u00e7\u00e3o<br \/>Finaliza\u00e7\u00e3o<\/p>\t<\/div>\n<\/div><h4 class=\"qodef-accordion-title\">\n\t<span class=\"qodef-tab-title\">\n\t\tAnima\u00e7\u00e3o\t<\/span>\n\t<span class=\"qodef-accordion-mark\">\n\t\t<span class=\"qodef-icon--plus\">+<\/span>\n\t\t<span class=\"qodef-icon--minus\">-<\/span>\n\t<\/span>\n<\/h4>\n<div class=\"qodef-accordion-content\">\n\t<div class=\"qodef-accordion-content-inner\">\n\t\t<p>2D<br \/>3D<br \/>Frame a Frame<br \/>Stop Motion<\/p>\t<\/div>\n<\/div><\/div>\t\t<\/div>\n\t\t\t\t<\/div>\n\t\t\t\t\t<\/div>\n\t\t<\/div>\n\t\t\t\t\t\t\t<\/div>\n\t\t<\/section>\n\t\t\t\t\t\t\t<\/div>\n\t\t","protected":false},"excerpt":{"rendered":"<p>Somos o Hey Umami Produzimos conte\u00fado que Reel Geral Na Ponta da L\u00edngua Geral SBP + Discovery Geral GE: Ind\u00fastria 4.0 Geral Canal Mescla Geral Discovery Makers Geral Mini Doc: L\u00e1men Geral Mini Doc: Red Bees Geral Mini Doc: Bisi Alimi Geral Vacina\u00e7\u00e3o Geral O que fazemos Branded Content Dividimos nosso tempo entre projetos comerciais [&hellip;]<\/p>\n","protected":false},"author":1,"featured_media":0,"parent":0,"menu_order":0,"comment_status":"closed","ping_status":"closed","template":"","meta":{"footnotes":""},"class_list":["post-16","page","type-page","status-publish","hentry"],"_links":{"self":[{"href":"https:\/\/heyumami.com.br\/index.php?rest_route=\/wp\/v2\/pages\/16","targetHints":{"allow":["GET"]}}],"collection":[{"href":"https:\/\/heyumami.com.br\/index.php?rest_route=\/wp\/v2\/pages"}],"about":[{"href":"https:\/\/heyumami.com.br\/index.php?rest_route=\/wp\/v2\/types\/page"}],"author":[{"embeddable":true,"href":"https:\/\/heyumami.com.br\/index.php?rest_route=\/wp\/v2\/users\/1"}],"replies":[{"embeddable":true,"href":"https:\/\/heyumami.com.br\/index.php?rest_route=%2Fwp%2Fv2%2Fcomments&post=16"}],"version-history":[{"count":257,"href":"https:\/\/heyumami.com.br\/index.php?rest_route=\/wp\/v2\/pages\/16\/revisions"}],"predecessor-version":[{"id":491,"href":"https:\/\/heyumami.com.br\/index.php?rest_route=\/wp\/v2\/pages\/16\/revisions\/491"}],"wp:attachment":[{"href":"https:\/\/heyumami.com.br\/index.php?rest_route=%2Fwp%2Fv2%2Fmedia&parent=16"}],"curies":[{"name":"wp","href":"https:\/\/api.w.org\/{rel}","templated":true}]}}